{"id":25,"date":"2021-07-13T11:48:06","date_gmt":"2021-07-13T11:48:06","guid":{"rendered":"https:\/\/ifingerstudio.com\/insubux\/?page_id=25"},"modified":"2026-02-02T20:28:36","modified_gmt":"2026-02-03T00:28:36","slug":"servicios","status":"publish","type":"page","link":"https:\/\/fumival.cl\/en\/servicios\/","title":{"rendered":"Servicios"},"content":{"rendered":"\t\t<div data-elementor-type=\"wp-page\" data-elementor-id=\"25\" class=\"elementor elementor-25\" data-elementor-post-type=\"page\">\n\t\t\t\t\t\t<section class=\"elementor-section elementor-top-section elementor-element elementor-element-e94bbae elementor-section-boxed elementor-section-height-default elementor-section-height-default\" data-id=\"e94bbae\" data-element_type=\"section\" data-e-type=\"section\">\n\t\t\t\t\t\t<div class=\"elementor-container elementor-column-gap-default\">\n\t\t\t\t\t<div class=\"elementor-column elementor-col-100 elementor-top-column elementor-element elementor-element-4a00e2f\" data-id=\"4a00e2f\" data-element_type=\"column\" data-e-type=\"column\">\n\t\t\t<div class=\"elementor-widget-wrap elementor-element-populated\">\n\t\t\t\t\t\t<div class=\"elementor-element elementor-element-42f5c9c elementor-widget elementor-widget-section-service\" data-id=\"42f5c9c\" data-element_type=\"widget\" data-e-type=\"widget\" data-widget_type=\"section-service.default\">\n\t\t\t\t<div class=\"elementor-widget-container\">\n\t\t\t\t\t\t\t\t<div class=\"row align-items-center\">\n\t\t\t\t\t\t\t\t\t\n\t\t\t\t\t\t\t\t\t\t\t\t<div class=\"col-lg-3 col-md-6 service-shortcode-one\">\n\t\t\t                <div class=\"services-item text-center mb-30\">\n\t\t\t                    <div class=\"icon\"><i class=\"\"><\/i><\/div>\n\t\t\t                    <div class=\"content\">\n\t\t\t                        <h4><a href=\"https:\/\/fumival.cl\/en\/service\/bodegas\/\">Bodegas<\/a><\/h4>\n\t\t\t                        <p>Divisi\u00f3n de Bodegas FUMIVAL \u2013 Control de Plagas y Sanitizaci\u00f3n Profesional en Bodegas en Valdivi<\/p>\n\t\t\t                    <\/div>\n\t\t\t                    <a href=\"https:\/\/fumival.cl\/en\/service\/bodegas\/\" class=\"services-link\"><i class=\"fal fa-long-arrow-right\"><\/i><\/a>\n\t\t\t                <\/div>\n\t\t\t\t\t\t<\/div>\n\t\t\t\t\t\t\n\t\t\t\t\t\t\t   \t\t\t\t\t\t\t\n\t\t\t\t\t\t\t\t\t\t\t\t<div class=\"col-lg-3 col-md-6 service-shortcode-one\">\n\t\t\t                <div class=\"services-item text-center mb-30\">\n\t\t\t                    <div class=\"icon\"><i class=\"fas fa-truck-moving\"><\/i><\/div>\n\t\t\t                    <div class=\"content\">\n\t\t\t                        <h4><a href=\"https:\/\/fumival.cl\/en\/service\/industria-alimentos\/\">Industria Alimentos<\/a><\/h4>\n\t\t\t                        <p>&#8220;Alimentos con Valor Agregado en Los R\u00edos: Sistema Predictivo de Control de Plagas que Proteg<\/p>\n\t\t\t                    <\/div>\n\t\t\t                    <a href=\"https:\/\/fumival.cl\/en\/service\/industria-alimentos\/\" class=\"services-link\"><i class=\"fal fa-long-arrow-right\"><\/i><\/a>\n\t\t\t                <\/div>\n\t\t\t\t\t\t<\/div>\n\t\t\t\t\t\t\n\t\t\t\t\t\t\t   \t\t\t\t\t\t\t\n\t\t\t\t\t\t\t\t\t\t\t\t<div class=\"col-lg-3 col-md-6 service-shortcode-one\">\n\t\t\t                <div class=\"services-item text-center mb-30\">\n\t\t\t                    <div class=\"icon\"><i class=\"flaticon-marketing\"><\/i><\/div>\n\t\t\t                    <div class=\"content\">\n\t\t\t                        <h4><a href=\"https:\/\/fumival.cl\/en\/service\/cervecerias\/\">Cervecer\u00edas<\/a><\/h4>\n\t\t\t                        <p>Protegiendo la Calidad y Cumplimiento Sanitario con Control de Plagas Introducci\u00f3n: El Costo Oculto<\/p>\n\t\t\t                    <\/div>\n\t\t\t                    <a href=\"https:\/\/fumival.cl\/en\/service\/cervecerias\/\" class=\"services-link\"><i class=\"fal fa-long-arrow-right\"><\/i><\/a>\n\t\t\t                <\/div>\n\t\t\t\t\t\t<\/div>\n\t\t\t\t\t\t\n\t\t\t\t\t\t\t   \t\t\t\t\t\t\t\n\t\t\t\t\t\t\t\t\t\t\t\t<div class=\"col-lg-3 col-md-6 service-shortcode-one\">\n\t\t\t                <div class=\"services-item text-center mb-30\">\n\t\t\t                    <div class=\"icon\"><i class=\"flaticon-home-insurance\"><\/i><\/div>\n\t\t\t                    <div class=\"content\">\n\t\t\t                        <h4><a href=\"https:\/\/fumival.cl\/en\/service\/oficinas\/\">Oficinas y Empresas<\/a><\/h4>\n\t\t\t                        <p>Oficinas y Empresas<\/p>\n\t\t\t                    <\/div>\n\t\t\t                    <a href=\"https:\/\/fumival.cl\/en\/service\/oficinas\/\" class=\"services-link\"><i class=\"fal fa-long-arrow-right\"><\/i><\/a>\n\t\t\t                <\/div>\n\t\t\t\t\t\t<\/div>\n\t\t\t\t\t\t\n\t\t\t\t\t\t\t   \t\t\t\t\t\t\t\n\t\t\t\t\t\t\t\t\t\t\t\t<div class=\"col-lg-3 col-md-6 service-shortcode-one\">\n\t\t\t                <div class=\"services-item text-center mb-30\">\n\t\t\t                    <div class=\"icon\"><i class=\"flaticon-loupe\"><\/i><\/div>\n\t\t\t                    <div class=\"content\">\n\t\t\t                        <h4><a href=\"https:\/\/fumival.cl\/en\/service\/business\/\">Pymes<\/a><\/h4>\n\t\t\t                        <p>\u00bfPor qu\u00e9 el control de plagas es clave para tu Pyme? En una Pyme, una plaga no solo es un problema<\/p>\n\t\t\t                    <\/div>\n\t\t\t                    <a href=\"https:\/\/fumival.cl\/en\/service\/business\/\" class=\"services-link\"><i class=\"fal fa-long-arrow-right\"><\/i><\/a>\n\t\t\t                <\/div>\n\t\t\t\t\t\t<\/div>\n\t\t\t\t\t\t\n\t\t\t\t\t\t\t   \t\t\t\t\t\t\t\n\t\t\t\t\t\t\t\t\t\t\t\t<div class=\"col-lg-3 col-md-6 service-shortcode-one\">\n\t\t\t                <div class=\"services-item text-center mb-30\">\n\t\t\t                    <div class=\"icon\"><i class=\"flaticon-marketing\"><\/i><\/div>\n\t\t\t                    <div class=\"content\">\n\t\t\t                        <h4><a href=\"https:\/\/fumival.cl\/en\/service\/centros-medico\/\">Centros M\u00e9dicos<\/a><\/h4>\n\t\t\t                        <p>El Paciente Invisible que Puede Cerrar tu Centro M\u00e9dico Imagina esta escena: Un paciente post-opera<\/p>\n\t\t\t                    <\/div>\n\t\t\t                    <a href=\"https:\/\/fumival.cl\/en\/service\/centros-medico\/\" class=\"services-link\"><i class=\"fal fa-long-arrow-right\"><\/i><\/a>\n\t\t\t                <\/div>\n\t\t\t\t\t\t<\/div>\n\t\t\t\t\t\t\n\t\t\t\t\t\t\t   \t\t\t\t\t\t\t\n\t\t\t\t\t\t\t\t\t\t\t\t<div class=\"col-lg-3 col-md-6 service-shortcode-one\">\n\t\t\t                <div class=\"services-item text-center mb-30\">\n\t\t\t                    <div class=\"icon\"><i class=\"fab fa-etsy\"><\/i><\/div>\n\t\t\t                    <div class=\"content\">\n\t\t\t                        <h4><a href=\"https:\/\/fumival.cl\/en\/service\/control-plagas-colegios-valdivia\/\">Centros de Educaci\u00f3n<\/a><\/h4>\n\t\t\t                        <p>El Costo Emocional de una Infestaci\u00f3n en tu Establecimiento Educativo Imagina esta escena: Un apode<\/p>\n\t\t\t                    <\/div>\n\t\t\t                    <a href=\"https:\/\/fumival.cl\/en\/service\/control-plagas-colegios-valdivia\/\" class=\"services-link\"><i class=\"fal fa-long-arrow-right\"><\/i><\/a>\n\t\t\t                <\/div>\n\t\t\t\t\t\t<\/div>\n\t\t\t\t\t\t\n\t\t\t\t\t\t\t   \t\t\t\t\t<\/div>\n\t\t\t\t\t\t<\/div>\n\t\t\t\t<\/div>\n\t\t\t\t\t<\/div>\n\t\t<\/div>\n\t\t\t\t\t<\/div>\n\t\t<\/section>\n\t\t\t\t<section class=\"elementor-section elementor-top-section elementor-element elementor-element-8ee9073 elementor-section-boxed elementor-section-height-default elementor-section-height-default\" data-id=\"8ee9073\" data-element_type=\"section\" data-e-type=\"section\" data-settings=\"{&quot;background_background&quot;:&quot;classic&quot;}\">\n\t\t\t\t\t\t<div class=\"elementor-container elementor-column-gap-default\">\n\t\t\t\t\t<div class=\"elementor-column elementor-col-100 elementor-top-column elementor-element elementor-element-f35a996\" data-id=\"f35a996\" data-element_type=\"column\" data-e-type=\"column\">\n\t\t\t<div class=\"elementor-widget-wrap elementor-element-populated\">\n\t\t\t\t\t\t<section class=\"elementor-section elementor-inner-section elementor-element elementor-element-d0bb815 elementor-section-boxed elementor-section-height-default elementor-section-height-default\" data-id=\"d0bb815\" data-element_type=\"section\" data-e-type=\"section\">\n\t\t\t\t\t\t<div class=\"elementor-container elementor-column-gap-default\">\n\t\t\t\t\t<div class=\"elementor-column elementor-col-33 elementor-inner-column elementor-element elementor-element-17a8a66\" data-id=\"17a8a66\" data-element_type=\"column\" data-e-type=\"column\">\n\t\t\t<div class=\"elementor-widget-wrap\">\n\t\t\t\t\t\t\t<\/div>\n\t\t<\/div>\n\t\t\t\t<div class=\"elementor-column elementor-col-33 elementor-inner-column elementor-element elementor-element-ee6182b\" data-id=\"ee6182b\" data-element_type=\"column\" data-e-type=\"column\">\n\t\t\t<div class=\"elementor-widget-wrap elementor-element-populated\">\n\t\t\t\t\t\t<div class=\"elementor-element elementor-element-19cddcd elementor-widget elementor-widget-section-head-two\" data-id=\"19cddcd\" data-element_type=\"widget\" data-e-type=\"widget\" data-widget_type=\"section-head-two.default\">\n\t\t\t\t<div class=\"elementor-widget-container\">\n\t\t\t\t\t\t\t\t\t\t\t<div class=\"section-title text-center\">\n\t\t\t\t\t\t\t\t\t\t\t<h2 class=\"overlay-title\">Reviews<\/h2>\n\t\t\t\t\t\t\t\t\t\t\t\t            \t\t\t            <h2 class=\"title\"> Opiniones de nuestros clientes <\/h2>\n\t\t            \t\t            \t\t            \t<p>Desde 2009 protegiendo lugares de trabajo<\/p>\n\t\t            \t\t        <\/div>\n\t\t\t\t\t\t\t<\/div>\n\t\t\t\t<\/div>\n\t\t\t\t\t<\/div>\n\t\t<\/div>\n\t\t\t\t<div class=\"elementor-column elementor-col-33 elementor-inner-column elementor-element elementor-element-1b4331b\" data-id=\"1b4331b\" data-element_type=\"column\" data-e-type=\"column\">\n\t\t\t<div class=\"elementor-widget-wrap\">\n\t\t\t\t\t\t\t<\/div>\n\t\t<\/div>\n\t\t\t\t\t<\/div>\n\t\t<\/section>\n\t\t\t\t<section class=\"elementor-section elementor-inner-section elementor-element elementor-element-47e6d36 elementor-section-boxed elementor-section-height-default elementor-section-height-default\" data-id=\"47e6d36\" data-element_type=\"section\" data-e-type=\"section\">\n\t\t\t\t\t\t<div class=\"elementor-container elementor-column-gap-default\">\n\t\t\t\t\t<div class=\"elementor-column elementor-col-100 elementor-inner-column elementor-element elementor-element-2a88934\" data-id=\"2a88934\" data-element_type=\"column\" data-e-type=\"column\">\n\t\t\t<div class=\"elementor-widget-wrap elementor-element-populated\">\n\t\t\t\t\t\t<div class=\"elementor-element elementor-element-929d4bf elementor-widget elementor-widget-section-testimonial\" data-id=\"929d4bf\" data-element_type=\"widget\" data-e-type=\"widget\" data-widget_type=\"section-testimonial.default\">\n\t\t\t\t<div class=\"elementor-widget-container\">\n\t\t\t\t\t\t\t\t\t<script type=\"text\/javascript\">\n\t\t\t\t    jQuery(document).ready(function(){\n\t\t\t\t\t\tjQuery(\".testimonial-three-active-69e04e80c5fda\").slick({\n\t\t\t\t\t\t\tdots: false,\n\t\t\t\t\t\t\tinfinite: true,\n\t\t\t\t\t\t\tspeed: 1000,\n\t\t\t\t\t\t\tautoplay: true,\n\t\t\t\t\t\t\tarrows: false,\n\t\t\t\t\t\t\tslidesToShow: 3,\n\t\t\t\t\t\t\tcenterMode: true,\n\t\t\t\t\t\t\tcenterPadding: 0,\n\t\t\t\t\t\t\tslidesToScroll: 1,\n\t\t\t\t\t\t\tresponsive: [\n\t\t\t\t\t\t\t\t{\n\t\t\t\t\t\t\t\t\tbreakpoint: 1200,\n\t\t\t\t\t\t\t\t\tsettings: {\n\t\t\t\t\t\t\t\t\t\tslidesToShow: 3,\n\t\t\t\t\t\t\t\t\t\tslidesToScroll: 1,\n\t\t\t\t\t\t\t\t\t\tinfinite: true,\n\t\t\t\t\t\t\t\t\t\tarrows: false,\n\t\t\t\t\t\t\t\t\t}\n\t\t\t\t\t\t\t\t},\n\t\t\t\t\t\t\t\t{\n\t\t\t\t\t\t\t\t\tbreakpoint: 992,\n\t\t\t\t\t\t\t\t\tsettings: {\n\t\t\t\t\t\t\t\t\t\tslidesToShow: 2,\n\t\t\t\t\t\t\t\t\t\tslidesToScroll: 1,\n\t\t\t\t\t\t\t\t\t\tarrows: false,\n\t\t\t\t\t\t\t\t\t}\n\t\t\t\t\t\t\t\t},\n\t\t\t\t\t\t\t\t{\n\t\t\t\t\t\t\t\t\tbreakpoint: 767,\n\t\t\t\t\t\t\t\t\tsettings: {\n\t\t\t\t\t\t\t\t\t\tslidesToShow: 1,\n\t\t\t\t\t\t\t\t\t\tslidesToScroll: 1,\n\t\t\t\t\t\t\t\t\t\tarrows: false,\n\t\t\t\t\t\t\t\t\t}\n\t\t\t\t\t\t\t\t},\n\t\t\t\t\t\t\t\t{\n\t\t\t\t\t\t\t\t\tbreakpoint: 575,\n\t\t\t\t\t\t\t\t\tsettings: {\n\t\t\t\t\t\t\t\t\t\tslidesToShow: 1,\n\t\t\t\t\t\t\t\t\t\tslidesToScroll: 1,\n\t\t\t\t\t\t\t\t\t\tarrows: false,\n\t\t\t\t\t\t\t\t\t}\n\t\t\t\t\t\t\t\t},\n\t\t\t\t\t\t\t]\n\t\t\t\t\t\t});\n\t\t\t\t    });\n\t\t\t\t<\/script> \n\n\n\t\t\t    <div class=\"row testimonial-three-active-69e04e80c5fda\">\n\t\t\t    \t\t\t\t        <div class=\"col-lg-4\">\n\t\t\t            <div class=\"testimonial-two-item\">\n\t\t\t            \t\t\t\t                <div class=\"testi-two-content\">\n\t\t\t                    <p>Excelente servicio, precios bastante buenos y la efectividad del servicio es el mejor del mercado. Completamente recomendado<\/p>\n\t\t\t                <\/div>\n\t\t\t                <div class=\"testi-two-avatar\">\n\t\t\t                    <div class=\"thumb\"><img decoding=\"async\" width=\"50\" height=\"51\" src=\"data:image\/gif;base64,R0lGODlhAQABAAAAACH5BAEKAAEALAAAAAABAAEAAAICTAEAOw==\" class=\"attachment-post-thumbnail size-post-thumbnail wp-post-image lazyload\" alt=\"\" data-src=\"https:\/\/fumival.cl\/wp-content\/uploads\/2021\/08\/testi_avatar03.png\"><\/div>\n\t\t\t                    <div class=\"info\">\n\t\t\t                        <h5>Joaquin Herrera<\/h5>\n\t\t\t                        <span>Particular<\/span>\n\t\t\t                    <\/div>\n\t\t\t                <\/div>\n\t\t\t            <\/div>\n\t\t\t        <\/div>\n\t\t\t        \t\t\t        <div class=\"col-lg-4\">\n\t\t\t            <div class=\"testimonial-two-item\">\n\t\t\t            \t\t\t\t                <div class=\"testi-two-content\">\n\t\t\t                    <p>Muy buen trabajo. Vinieron a La Uni\u00f3n previo pago de la cotizaci\u00f3n aceptada. La desinsectaci\u00f3n ha funcionado muy bien. La ara\u00f1as ya han dejado de aparecer.<\/p>\n\t\t\t                <\/div>\n\t\t\t                <div class=\"testi-two-avatar\">\n\t\t\t                    <div class=\"thumb\"><img decoding=\"async\" width=\"50\" height=\"51\" src=\"data:image\/gif;base64,R0lGODlhAQABAAAAACH5BAEKAAEALAAAAAABAAEAAAICTAEAOw==\" class=\"attachment-post-thumbnail size-post-thumbnail wp-post-image lazyload\" alt=\"\" data-src=\"https:\/\/fumival.cl\/wp-content\/uploads\/2021\/08\/testi_avatar02.png\"><\/div>\n\t\t\t                    <div class=\"info\">\n\t\t\t                        <h5>Cristian Hermosilla<\/h5>\n\t\t\t                        <span>Particular<\/span>\n\t\t\t                    <\/div>\n\t\t\t                <\/div>\n\t\t\t            <\/div>\n\t\t\t        <\/div>\n\t\t\t        \t\t\t        <div class=\"col-lg-4\">\n\t\t\t            <div class=\"testimonial-two-item\">\n\t\t\t            \t\t\t\t                <div class=\"testi-two-content\">\n\t\t\t                    <p>Excelente servicio en desratizaci\u00f3n, desinsectaci\u00f3n y sanitizaci\u00f3n.<\/p>\n\t\t\t                <\/div>\n\t\t\t                <div class=\"testi-two-avatar\">\n\t\t\t                    <div class=\"thumb\"><img decoding=\"async\" width=\"50\" height=\"51\" src=\"data:image\/gif;base64,R0lGODlhAQABAAAAACH5BAEKAAEALAAAAAABAAEAAAICTAEAOw==\" class=\"attachment-post-thumbnail size-post-thumbnail wp-post-image lazyload\" alt=\"\" data-src=\"https:\/\/fumival.cl\/wp-content\/uploads\/2021\/08\/testi_avatar03.png\"><\/div>\n\t\t\t                    <div class=\"info\">\n\t\t\t                        <h5>Vicente Gallardo<\/h5>\n\t\t\t                        <span>Prevencionista de Riesgos<\/span>\n\t\t\t                    <\/div>\n\t\t\t                <\/div>\n\t\t\t            <\/div>\n\t\t\t        <\/div>\n\t\t\t        \t\t\t        <div class=\"col-lg-4\">\n\t\t\t            <div class=\"testimonial-two-item\">\n\t\t\t            \t\t\t\t                <div class=\"testi-two-content\">\n\t\t\t                    <p>Puntuales . T\u00e9cnico escuch\u00f3 mis requerimientos espec\u00edficos para cumplir<\/p>\n\t\t\t                <\/div>\n\t\t\t                <div class=\"testi-two-avatar\">\n\t\t\t                    <div class=\"thumb\"><\/div>\n\t\t\t                    <div class=\"info\">\n\t\t\t                        <h5>Jimena Arriagada<\/h5>\n\t\t\t                        <span>Marketing<\/span>\n\t\t\t                    <\/div>\n\t\t\t                <\/div>\n\t\t\t            <\/div>\n\t\t\t        <\/div>\n\t\t\t        \t\t\t        <div class=\"col-lg-4\">\n\t\t\t            <div class=\"testimonial-two-item\">\n\t\t\t            \t\t\t\t                <div class=\"testi-two-content\">\n\t\t\t                    <p>Servicio profesional de buen nivel, servicio t\u00e9cnico con experiencia<\/p>\n\t\t\t                <\/div>\n\t\t\t                <div class=\"testi-two-avatar\">\n\t\t\t                    <div class=\"thumb\"><img decoding=\"async\" width=\"50\" height=\"51\" src=\"data:image\/gif;base64,R0lGODlhAQABAAAAACH5BAEKAAEALAAAAAABAAEAAAICTAEAOw==\" class=\"attachment-post-thumbnail size-post-thumbnail wp-post-image lazyload\" alt=\"\" data-src=\"https:\/\/fumival.cl\/wp-content\/uploads\/2021\/08\/testi_avatar01-1.png\"><\/div>\n\t\t\t                    <div class=\"info\">\n\t\t\t                        <h5>Ariel Rubilar<\/h5>\n\t\t\t                        <span>Particular<\/span>\n\t\t\t                    <\/div>\n\t\t\t                <\/div>\n\t\t\t            <\/div>\n\t\t\t        <\/div>\n\t\t\t        \t\t\t    <\/div>\n\t\t\t\t\t\t\t\t\t<\/div>\n\t\t\t\t<\/div>\n\t\t\t\t\t<\/div>\n\t\t<\/div>\n\t\t\t\t\t<\/div>\n\t\t<\/section>\n\t\t\t\t\t<\/div>\n\t\t<\/div>\n\t\t\t\t\t<\/div>\n\t\t<\/section>\n\t\t\t\t<section class=\"elementor-section elementor-top-section elementor-element elementor-element-41960848 get-in-touch-responsive elementor-section-boxed elementor-section-height-default elementor-section-height-default\" data-id=\"41960848\" data-element_type=\"section\" data-e-type=\"section\">\n\t\t\t\t\t\t<div class=\"elementor-container elementor-column-gap-default\">\n\t\t\t\t\t<div class=\"elementor-column elementor-col-50 elementor-top-column elementor-element elementor-element-784d14a3\" data-id=\"784d14a3\" data-element_type=\"column\" data-e-type=\"column\">\n\t\t\t<div class=\"elementor-widget-wrap elementor-element-populated\">\n\t\t\t\t\t\t<section class=\"elementor-section elementor-inner-section elementor-element elementor-element-5b43cc9c elementor-section-boxed elementor-section-height-default elementor-section-height-default\" data-id=\"5b43cc9c\" data-element_type=\"section\" data-e-type=\"section\">\n\t\t\t\t\t\t<div class=\"elementor-container elementor-column-gap-default\">\n\t\t\t\t\t<div class=\"elementor-column elementor-col-100 elementor-inner-column elementor-element elementor-element-65d7f80a\" data-id=\"65d7f80a\" data-element_type=\"column\" data-e-type=\"column\">\n\t\t\t<div class=\"elementor-widget-wrap elementor-element-populated\">\n\t\t\t\t\t\t<div class=\"elementor-element elementor-element-4e33257c elementor-widget elementor-widget-section-head-two\" data-id=\"4e33257c\" data-element_type=\"widget\" data-e-type=\"widget\" data-widget_type=\"section-head-two.default\">\n\t\t\t\t<div class=\"elementor-widget-container\">\n\t\t\t\t\t\t\t\t\t\t\t<div class=\"section-title-two text-left\">\n\t\t\t\t\t\t\t\t            <span class=\"sub-title\"> Urgencias? <\/span>\n\t\t            \t\t            \t\t\t            <h2 class=\"title\"> No dude en contactarnos para cualquier informaci\u00f3n. <\/h2>\n\t\t            \t\t            \t\t        <\/div>\n\t\t\t\t\t\t\t<\/div>\n\t\t\t\t<\/div>\n\t\t\t\t\t<\/div>\n\t\t<\/div>\n\t\t\t\t\t<\/div>\n\t\t<\/section>\n\t\t\t\t<section class=\"elementor-section elementor-inner-section elementor-element elementor-element-3a6a1ab0 elementor-section-boxed elementor-section-height-default elementor-section-height-default\" data-id=\"3a6a1ab0\" data-element_type=\"section\" data-e-type=\"section\">\n\t\t\t\t\t\t<div class=\"elementor-container elementor-column-gap-default\">\n\t\t\t\t\t<div class=\"elementor-column elementor-col-100 elementor-inner-column elementor-element elementor-element-3c10ba65\" data-id=\"3c10ba65\" data-element_type=\"column\" data-e-type=\"column\">\n\t\t\t<div class=\"elementor-widget-wrap elementor-element-populated\">\n\t\t\t\t\t\t<div class=\"elementor-element elementor-element-5904b2c5 elementor-widget elementor-widget-heading\" data-id=\"5904b2c5\" data-element_type=\"widget\" data-e-type=\"widget\" data-widget_type=\"heading.default\">\n\t\t\t\t\t<p class=\"elementor-heading-title elementor-size-default\">Para asistencia inmediata, ll\u00e1menos <\/p>\t\t\t\t<\/div>\n\t\t\t\t\t<\/div>\n\t\t<\/div>\n\t\t\t\t\t<\/div>\n\t\t<\/section>\n\t\t\t\t<section class=\"elementor-section elementor-inner-section elementor-element elementor-element-5ed1a6b2 elementor-section-boxed elementor-section-height-default elementor-section-height-default\" data-id=\"5ed1a6b2\" data-element_type=\"section\" data-e-type=\"section\">\n\t\t\t\t\t\t<div class=\"elementor-container elementor-column-gap-default\">\n\t\t\t\t\t<div class=\"elementor-column elementor-col-100 elementor-inner-column elementor-element elementor-element-7ee8b614\" data-id=\"7ee8b614\" data-element_type=\"column\" data-e-type=\"column\">\n\t\t\t<div class=\"elementor-widget-wrap elementor-element-populated\">\n\t\t\t\t\t\t<div class=\"elementor-element elementor-element-37f04856 elementor-widget elementor-widget-heading\" data-id=\"37f04856\" data-element_type=\"widget\" data-e-type=\"widget\" data-widget_type=\"heading.default\">\n\t\t\t\t\t<h4 class=\"elementor-heading-title elementor-size-default\"><a href=\"tel:+56%209%205000%207706\">+56 9 5000 7706<\/a><\/h4>\t\t\t\t<\/div>\n\t\t\t\t\t<\/div>\n\t\t<\/div>\n\t\t\t\t\t<\/div>\n\t\t<\/section>\n\t\t\t\t\t<\/div>\n\t\t<\/div>\n\t\t\t\t<div class=\"elementor-column elementor-col-50 elementor-top-column elementor-element elementor-element-5e26516b inline-label\" data-id=\"5e26516b\" data-element_type=\"column\" data-e-type=\"column\">\n\t\t\t<div class=\"elementor-widget-wrap elementor-element-populated\">\n\t\t\t\t\t\t<div class=\"elementor-element elementor-element-76d94afd h2-form elementor-widget elementor-widget-shortcode\" data-id=\"76d94afd\" data-element_type=\"widget\" data-e-type=\"widget\" data-widget_type=\"shortcode.default\">\n\t\t\t\t\t\t\t<div class=\"elementor-shortcode\">\n<div class=\"wpcf7 no-js\" id=\"wpcf7-f1076-o1\" lang=\"en-US\" dir=\"ltr\" data-wpcf7-id=\"1076\">\n<div class=\"screen-reader-response\"><p role=\"status\" aria-live=\"polite\" aria-atomic=\"true\"><\/p> <ul><\/ul><\/div>\n<form action=\"\/en\/wp-json\/wp\/v2\/pages\/25#wpcf7-f1076-o1\" method=\"post\" class=\"wpcf7-form init\" aria-label=\"Contact form\" novalidate=\"novalidate\" data-status=\"init\">\n<fieldset class=\"hidden-fields-container\"><input type=\"hidden\" name=\"_wpcf7\" value=\"1076\" \/><input type=\"hidden\" name=\"_wpcf7_version\" value=\"6.1.5\" \/><input type=\"hidden\" name=\"_wpcf7_locale\" value=\"en_US\" \/><input type=\"hidden\" name=\"_wpcf7_unit_tag\" value=\"wpcf7-f1076-o1\" \/><input type=\"hidden\" name=\"_wpcf7_container_post\" value=\"0\" \/><input type=\"hidden\" name=\"_wpcf7_posted_data_hash\" value=\"\" \/>\n<\/fieldset>\n<p><label><span class=\"wpcf7-form-control-wrap\" data-name=\"your-email\"><input size=\"40\" maxlength=\"400\" class=\"wpcf7-form-control wpcf7-email wpcf7-validates-as-required wpcf7-text wpcf7-validates-as-email\" aria-required=\"true\" aria-invalid=\"false\" placeholder=\"Your email\" value=\"\" type=\"email\" name=\"your-email\" \/><\/span> <\/label>\n<\/p>\n<p><label><span class=\"wpcf7-form-control-wrap\" data-name=\"your-subject\"><input size=\"40\" maxlength=\"400\" class=\"wpcf7-form-control wpcf7-text wpcf7-validates-as-required\" aria-required=\"true\" aria-invalid=\"false\" placeholder=\"Subject\" value=\"\" type=\"text\" name=\"your-subject\" \/><\/span> <\/label>\n<\/p>\n<p><label><span class=\"wpcf7-form-control-wrap\" data-name=\"your-message\"><textarea cols=\"40\" rows=\"10\" maxlength=\"2000\" class=\"wpcf7-form-control wpcf7-textarea\" aria-invalid=\"false\" placeholder=\"Your message\" name=\"your-message\"><\/textarea><\/span> <\/label>\n<\/p>\n<p><button class=\"btn\">Agenda ahora <i class=\"fal fa-angle-right\"><\/i><\/button>\n<\/p><div class=\"wpcf7-response-output\" aria-hidden=\"true\"><\/div>\n<\/form>\n<\/div>\n<\/div>\n\t\t\t\t\t\t<\/div>\n\t\t\t\t\t<\/div>\n\t\t<\/div>\n\t\t\t\t\t<\/div>\n\t\t<\/section>\n\t\t\t\t<\/div>\n\t\t","protected":false},"excerpt":{"rendered":"<p>Bodegas Divisi\u00f3n de Bodegas FUMIVAL \u2013 Control de Plagas y Sanitizaci\u00f3n Profesional en Bodegas en Valdivi Industria Alimentos \u00abAlimentos con Valor Agregado en Los R\u00edos: Sistema Predictivo de Control de Plagas que Protege tu Cervecer\u00edas Protegiendo la Calidad y Cumplimiento Sanitario con Control de Plagas Introducci\u00f3n: El Costo Oculto Oficinas y Empresas Oficinas y Empresas [&hellip;]<\/p>\n","protected":false},"author":1,"featured_media":0,"parent":0,"menu_order":0,"comment_status":"closed","ping_status":"closed","template":"page-template\/blank-page-sidebar.php","meta":{"content-type":"","footnotes":""},"class_list":["post-25","page","type-page","status-publish","hentry"],"_links":{"self":[{"href":"https:\/\/fumival.cl\/en\/wp-json\/wp\/v2\/pages\/25","targetHints":{"allow":["GET"]}}],"collection":[{"href":"https:\/\/fumival.cl\/en\/wp-json\/wp\/v2\/pages"}],"about":[{"href":"https:\/\/fumival.cl\/en\/wp-json\/wp\/v2\/types\/page"}],"author":[{"embeddable":true,"href":"https:\/\/fumival.cl\/en\/wp-json\/wp\/v2\/users\/1"}],"replies":[{"embeddable":true,"href":"https:\/\/fumival.cl\/en\/wp-json\/wp\/v2\/comments?post=25"}],"version-history":[{"count":0,"href":"https:\/\/fumival.cl\/en\/wp-json\/wp\/v2\/pages\/25\/revisions"}],"wp:attachment":[{"href":"https:\/\/fumival.cl\/en\/wp-json\/wp\/v2\/media?parent=25"}],"curies":[{"name":"wp","href":"https:\/\/api.w.org\/{rel}","templated":true}]}}