{"id":19,"date":"2021-07-13T11:46:53","date_gmt":"2021-07-13T11:46:53","guid":{"rendered":"https:\/\/ifingerstudio.com\/insubux\/?page_id=19"},"modified":"2026-02-19T19:04:22","modified_gmt":"2026-02-19T23:04:22","slug":"faq","status":"publish","type":"page","link":"https:\/\/fumival.cl\/en\/faq\/","title":{"rendered":"Faq"},"content":{"rendered":"<div data-elementor-type=\"wp-page\" data-elementor-id=\"19\" class=\"elementor elementor-19\" data-elementor-post-type=\"page\">\n\t\t\t\t\t\t<section class=\"elementor-section elementor-top-section elementor-element elementor-element-6661e3b elementor-section-boxed elementor-section-height-default elementor-section-height-default\" data-id=\"6661e3b\" data-element_type=\"section\" data-e-type=\"section\">\n\t\t\t\t\t\t<div class=\"elementor-container elementor-column-gap-default\">\n\t\t\t\t\t<div class=\"elementor-column elementor-col-66 elementor-top-column elementor-element elementor-element-4c7366e\" data-id=\"4c7366e\" data-element_type=\"column\" data-e-type=\"column\">\n\t\t\t<div class=\"elementor-widget-wrap elementor-element-populated\">\n\t\t\t\t\t\t<div class=\"elementor-element elementor-element-dec9e1f elementor-widget elementor-widget-insubux-accordion\" data-id=\"dec9e1f\" data-element_type=\"widget\" data-e-type=\"widget\" data-widget_type=\"insubux-accordion.default\">\n\t\t\t\t<div class=\"elementor-widget-container\">\n\t\t\t\t\t\t\t\t<div class=\"faq-wrapper\">\n\t            <div class=\"accordion\" id=\"accordionExample\">\n\t            \t\t\t                <div class=\"card\">\n\t\t                    <div class=\"card-header\" id=\"heading1\">\n\t\t                        <button  class=\"btn btn-link btn-block text-left\" type=\"button\" data-toggle=\"collapse\" data-target=\"#collapse1\" aria-expanded=\"true\" aria-controls=\"collapse1\">\n\t\t                            \u00bfQu\u00e9 tipo de plagas controla FUMIVAL?\t\t                        <\/button>\n\t\t                    <\/div>\n\t\t                    <div id=\"collapse1\" class=\"collapse show\" aria-labelledby=\"heading1\" data-parent=\"#accordionExample\">\n\t\t                        <div class=\"card-body\">\n\t\t                            FUMIVAL realiza control integral de plagas urbanas y rurales, incluyendo roedores, insectos rastreros, voladores y xil\u00f3fagos, adem\u00e1s de servicios preventivos en bodegas, empresas y hogares.\t\t                        <\/div>\n\t\t                    <\/div>\n\t\t                <\/div>\n\t                \t\t                <div class=\"card\">\n\t\t                    <div class=\"card-header\" id=\"heading2\">\n\t\t                        <button  class=\"btn btn-link btn-block text-left collapsed\" type=\"button\" data-toggle=\"collapse\" data-target=\"#collapse2\" aria-expanded=\"true\" aria-controls=\"collapse2\">\n\t\t                            \u00bfQu\u00e9 productos utiliza FUMIVAL en sus tratamientos?\t\t                        <\/button>\n\t\t                    <\/div>\n\t\t                    <div id=\"collapse2\" class=\"collapse\" aria-labelledby=\"heading2\" data-parent=\"#accordionExample\">\n\t\t                        <div class=\"card-body\">\n\t\t                            Todos los productos empleados est\u00e1n autorizados por el Instituto de Salud P\u00fablica (ISP) y el Servicio Agr\u00edcola y Ganadero (SAG), garantizando seguridad, eficacia y respeto por el medio ambiente.\t\t                        <\/div>\n\t\t                    <\/div>\n\t\t                <\/div>\n\t                \t\t                <div class=\"card\">\n\t\t                    <div class=\"card-header\" id=\"heading3\">\n\t\t                        <button  class=\"btn btn-link btn-block text-left collapsed\" type=\"button\" data-toggle=\"collapse\" data-target=\"#collapse3\" aria-expanded=\"true\" aria-controls=\"collapse3\">\n\t\t                            \u00bfCu\u00e1nto cuesta una fumigaci\u00f3n en Valdivia?\t\t                        <\/button>\n\t\t                    <\/div>\n\t\t                    <div id=\"collapse3\" class=\"collapse\" aria-labelledby=\"heading3\" data-parent=\"#accordionExample\">\n\t\t                        <div class=\"card-body\">\n\t\t                            Los servicios todos son distintos y se eval\u00faa seg\u00fan las necesidades de cada caso. Los precios desde $ 45.000.- para servicios domiciliarios.\t\t                        <\/div>\n\t\t                    <\/div>\n\t\t                <\/div>\n\t                \t\t                <div class=\"card\">\n\t\t                    <div class=\"card-header\" id=\"heading4\">\n\t\t                        <button  class=\"btn btn-link btn-block text-left collapsed\" type=\"button\" data-toggle=\"collapse\" data-target=\"#collapse4\" aria-expanded=\"true\" aria-controls=\"collapse4\">\n\t\t                            \u00bfFUMIVAL entrega certificados sanitarios?\t\t                        <\/button>\n\t\t                    <\/div>\n\t\t                    <div id=\"collapse4\" class=\"collapse\" aria-labelledby=\"heading4\" data-parent=\"#accordionExample\">\n\t\t                        <div class=\"card-body\">\n\t\t                            S\u00ed. Al finalizar cada tratamiento, emitimos un certificado oficial que cumple con las exigencias de la Autoridad Sanitaria y el SAG, v\u00e1lido para auditor\u00edas o fiscalizaciones.\t\t                        <\/div>\n\t\t                    <\/div>\n\t\t                <\/div>\n\t                \t\t                <div class=\"card\">\n\t\t                    <div class=\"card-header\" id=\"heading5\">\n\t\t                        <button  class=\"btn btn-link btn-block text-left collapsed\" type=\"button\" data-toggle=\"collapse\" data-target=\"#collapse5\" aria-expanded=\"true\" aria-controls=\"collapse5\">\n\t\t                            \u00bfLos servicios de fumigaci\u00f3n afectan la salud o los alimentos?\t\t                        <\/button>\n\t\t                    <\/div>\n\t\t                    <div id=\"collapse5\" class=\"collapse\" aria-labelledby=\"heading5\" data-parent=\"#accordionExample\">\n\t\t                        <div class=\"card-body\">\n\t\t                            No. Los tratamientos se realizan siguiendo estrictos protocolos de seguridad. Los productos usados son de baja toxicidad y no dejan residuos perjudiciales cuando se siguen las indicaciones del equipo t\u00e9cnico.\t\t                        <\/div>\n\t\t                    <\/div>\n\t\t                <\/div>\n\t                \t\t                <div class=\"card\">\n\t\t                    <div class=\"card-header\" id=\"heading6\">\n\t\t                        <button  class=\"btn btn-link btn-block text-left collapsed\" type=\"button\" data-toggle=\"collapse\" data-target=\"#collapse6\" aria-expanded=\"true\" aria-controls=\"collapse6\">\n\t\t                            \u00bfCada cu\u00e1nto se recomienda realizar un control de plagas?\t\t                        <\/button>\n\t\t                    <\/div>\n\t\t                    <div id=\"collapse6\" class=\"collapse\" aria-labelledby=\"heading6\" data-parent=\"#accordionExample\">\n\t\t                        <div class=\"card-body\">\n\t\t                            Depende del tipo de instalaci\u00f3n. En hogares, se recomienda cada 6 meses, mientras que en bodegas o industrias cada 3 meses por normativa sanitaria o est\u00e1ndar de calidad.\t\t                        <\/div>\n\t\t                    <\/div>\n\t\t                <\/div>\n\t                \t            <\/div>\n\t        <\/div>\n    \t\t\t\t\t<\/div>\n\t\t\t\t<\/div>\n\t\t\t\t\t<\/div>\n\t\t<\/div>\n\t\t\t\t<div class=\"elementor-column elementor-col-33 elementor-top-column elementor-element elementor-element-697d688\" data-id=\"697d688\" data-element_type=\"column\" data-e-type=\"column\">\n\t\t\t<div class=\"elementor-widget-wrap elementor-element-populated\">\n\t\t\t\t\t\t<section class=\"elementor-section elementor-inner-section elementor-element elementor-element-40dc1cd elementor-section-boxed elementor-section-height-default elementor-section-height-default\" data-id=\"40dc1cd\" data-element_type=\"section\" data-e-type=\"section\">\n\t\t\t\t\t\t<div class=\"elementor-container elementor-column-gap-default\">\n\t\t\t\t\t<div class=\"elementor-column elementor-col-100 elementor-inner-column elementor-element elementor-element-329487d\" data-id=\"329487d\" data-element_type=\"column\" data-e-type=\"column\">\n\t\t\t<div class=\"elementor-widget-wrap elementor-element-populated\">\n\t\t\t\t\t\t<div class=\"elementor-element elementor-element-3467bf3 elementor-widget elementor-widget-heading\" data-id=\"3467bf3\" data-element_type=\"widget\" data-e-type=\"widget\" data-widget_type=\"heading.default\">\n\t\t\t\t\t<h4 class=\"elementor-heading-title elementor-size-default\">\u00bfM\u00e1s Dudas?<\/h4>\t\t\t\t<\/div>\n\t\t\t\t\t<\/div>\n\t\t<\/div>\n\t\t\t\t\t<\/div>\n\t\t<\/section>\n\t\t\t\t<div class=\"elementor-element elementor-element-601c6db elementor-widget elementor-widget-shortcode\" data-id=\"601c6db\" data-element_type=\"widget\" data-e-type=\"widget\" data-widget_type=\"shortcode.default\">\n\t\t\t\t\t\t\t<div class=\"elementor-shortcode\">\n<div class=\"wpcf7 no-js\" id=\"wpcf7-f1122-o1\" lang=\"en-US\" dir=\"ltr\" data-wpcf7-id=\"1122\">\n<div class=\"screen-reader-response\"><p role=\"status\" aria-live=\"polite\" aria-atomic=\"true\"><\/p> <ul><\/ul><\/div>\n<form action=\"\/en\/wp-json\/wp\/v2\/pages\/19#wpcf7-f1122-o1\" method=\"post\" class=\"wpcf7-form init\" aria-label=\"Contact form\" novalidate=\"novalidate\" data-status=\"init\" data-trp-original-action=\"\/en\/wp-json\/wp\/v2\/pages\/19#wpcf7-f1122-o1\">\n<fieldset class=\"hidden-fields-container\"><input type=\"hidden\" name=\"_wpcf7\" value=\"1122\" \/><input type=\"hidden\" name=\"_wpcf7_version\" value=\"6.1.5\" \/><input type=\"hidden\" name=\"_wpcf7_locale\" value=\"en_US\" \/><input type=\"hidden\" name=\"_wpcf7_unit_tag\" value=\"wpcf7-f1122-o1\" \/><input type=\"hidden\" name=\"_wpcf7_container_post\" value=\"0\" \/><input type=\"hidden\" name=\"_wpcf7_posted_data_hash\" value=\"\" \/>\n<\/fieldset>\n<div class=\"sidebar-faq-form\">\n\t<div class=\"form-grp\">\n\t\t<p><i class=\"fal fa-user\"><\/i><br \/>\n<span class=\"wpcf7-form-control-wrap\" data-name=\"your-name\"><input size=\"40\" maxlength=\"400\" class=\"wpcf7-form-control wpcf7-text wpcf7-validates-as-required\" aria-required=\"true\" aria-invalid=\"false\" placeholder=\"Enter full name\" value=\"\" type=\"text\" name=\"your-name\" \/><\/span>\n\t\t<\/p>\n\t<\/div>\n\t<div class=\"form-grp\">\n\t\t<p><i class=\"fal fa-envelope\"><\/i><br \/>\n<span class=\"wpcf7-form-control-wrap\" data-name=\"your-email\"><input size=\"40\" maxlength=\"400\" class=\"wpcf7-form-control wpcf7-email wpcf7-validates-as-required wpcf7-text wpcf7-validates-as-email\" aria-required=\"true\" aria-invalid=\"false\" placeholder=\"Email address\" value=\"\" type=\"email\" name=\"your-email\" \/><\/span>\n\t\t<\/p>\n\t<\/div>\n\t<div class=\"form-grp\">\n\t\t<p><i class=\"fal fa-pen\"><\/i><br \/>\n<span class=\"wpcf7-form-control-wrap\" data-name=\"your-message\"><textarea cols=\"40\" rows=\"10\" maxlength=\"2000\" class=\"wpcf7-form-control wpcf7-textarea\" aria-invalid=\"false\" placeholder=\"Question\" name=\"your-message\"><\/textarea><\/span>\n\t\t<\/p>\n\t<\/div>\n\t<p><button type=\"submit\" class=\"btn\">Get Answers<\/button>\n\t<\/p>\n<\/div><div class=\"wpcf7-response-output\" aria-hidden=\"true\"><\/div>\n<input type=\"hidden\" name=\"trp-form-language\" value=\"en\"\/><\/form>\n<\/div>\n<\/div>\n\t\t\t\t\t\t<\/div>\n\t\t\t\t\t<\/div>\n\t\t<\/div>\n\t\t\t\t\t<\/div>\n\t\t<\/section>\n\t\t<div class=\"elementor-element elementor-element-1db270b e-flex e-con-boxed e-con e-parent\" data-id=\"1db270b\" data-element_type=\"container\" data-e-type=\"container\">\n\t\t\t\t\t<div class=\"e-con-inner\">\n\t\t\t\t<div class=\"elementor-element elementor-element-55e7cde elementor-widget elementor-widget-heading\" data-id=\"55e7cde\" data-element_type=\"widget\" data-e-type=\"widget\" data-widget_type=\"heading.default\">\n\t\t\t\t\t<h2 class=\"elementor-heading-title elementor-size-default\">Preguntas Frecuentes<\/h2>\t\t\t\t<\/div>\n\t\t\t\t\t<\/div>\n\t\t\t\t<\/div>\n\t\t\t\t<\/div>","protected":false},"excerpt":{"rendered":"<p>\u00bfQu\u00e9 tipo de plagas controla FUMIVAL? FUMIVAL realiza control integral de plagas urbanas y rurales, incluyendo roedores, insectos rastreros, voladores y xil\u00f3fagos, adem\u00e1s de servicios preventivos en bodegas, empresas y hogares. \u00bfQu\u00e9 productos utiliza FUMIVAL en sus tratamientos? Todos los productos empleados est\u00e1n autorizados por el Instituto de Salud P\u00fablica (ISP) y el Servicio Agr\u00edcola [&hellip;]<\/p>\n","protected":false},"author":1,"featured_media":0,"parent":0,"menu_order":0,"comment_status":"closed","ping_status":"closed","template":"page-template\/blank-page-sidebar.php","meta":{"content-type":"","footnotes":""},"class_list":["post-19","page","type-page","status-publish","hentry"],"_links":{"self":[{"href":"https:\/\/fumival.cl\/en\/wp-json\/wp\/v2\/pages\/19","targetHints":{"allow":["GET"]}}],"collection":[{"href":"https:\/\/fumival.cl\/en\/wp-json\/wp\/v2\/pages"}],"about":[{"href":"https:\/\/fumival.cl\/en\/wp-json\/wp\/v2\/types\/page"}],"author":[{"embeddable":true,"href":"https:\/\/fumival.cl\/en\/wp-json\/wp\/v2\/users\/1"}],"replies":[{"embeddable":true,"href":"https:\/\/fumival.cl\/en\/wp-json\/wp\/v2\/comments?post=19"}],"version-history":[{"count":0,"href":"https:\/\/fumival.cl\/en\/wp-json\/wp\/v2\/pages\/19\/revisions"}],"wp:attachment":[{"href":"https:\/\/fumival.cl\/en\/wp-json\/wp\/v2\/media?parent=19"}],"curies":[{"name":"wp","href":"https:\/\/api.w.org\/{rel}","templated":true}]}}