{"id":13,"date":"2021-07-13T11:45:36","date_gmt":"2021-07-13T11:45:36","guid":{"rendered":"https:\/\/ifingerstudio.com\/insubux\/?page_id=13"},"modified":"2026-03-22T15:37:23","modified_gmt":"2026-03-22T19:37:23","slug":"contact-us","status":"publish","type":"page","link":"https:\/\/fumival.cl\/en\/contact-us\/","title":{"rendered":"Contacto"},"content":{"rendered":"<div data-elementor-type=\"wp-page\" data-elementor-id=\"13\" class=\"elementor elementor-13\" data-elementor-post-type=\"page\">\n\t\t\t\t\t\t<section class=\"elementor-section elementor-top-section elementor-element elementor-element-9e4f7aa elementor-section-full_width elementor-section-height-default elementor-section-height-default\" data-id=\"9e4f7aa\" data-element_type=\"section\" data-e-type=\"section\">\n\t\t\t\t\t\t<div class=\"elementor-container elementor-column-gap-default\">\n\t\t\t\t\t<div class=\"elementor-column elementor-col-100 elementor-top-column elementor-element elementor-element-4e4897c\" data-id=\"4e4897c\" data-element_type=\"column\" data-e-type=\"column\">\n\t\t\t<div class=\"elementor-widget-wrap elementor-element-populated\">\n\t\t\t\t\t\t<div class=\"elementor-element elementor-element-4940067 elementor-widget elementor-widget-google_maps\" data-id=\"4940067\" data-element_type=\"widget\" data-e-type=\"widget\" data-widget_type=\"google_maps.default\">\n\t\t\t\t\t\t\t<div class=\"elementor-custom-embed\">\n\t\t\t<iframe loading=\"lazy\" src=\"about:blank\" title=\"Err\u00e1zuriz 2140, Valdivia\" aria-label=\"Err\u00e1zuriz 2140, Valdivia\" class=\"lazyload\" data-src=\"https:\/\/maps.google.com\/maps?q=Err%C3%A1zuriz%202140%2C%20Valdivia&#038;t=m&#038;z=16&#038;output=embed&#038;iwloc=near\"><\/iframe>\n\t\t<\/div>\n\t\t\t\t\t\t<\/div>\n\t\t\t\t\t<\/div>\n\t\t<\/div>\n\t\t\t\t\t<\/div>\n\t\t<\/section>\n\t\t\t\t<section class=\"elementor-section elementor-top-section elementor-element elementor-element-0c067bb elementor-section-boxed elementor-section-height-default elementor-section-height-default\" data-id=\"0c067bb\" data-element_type=\"section\" data-e-type=\"section\">\n\t\t\t\t\t\t<div class=\"elementor-container elementor-column-gap-default\">\n\t\t\t\t\t<div class=\"elementor-column elementor-col-25 elementor-top-column elementor-element elementor-element-68247c7\" data-id=\"68247c7\" data-element_type=\"column\" data-e-type=\"column\">\n\t\t\t<div class=\"elementor-widget-wrap elementor-element-populated\">\n\t\t\t\t\t\t<div class=\"elementor-element elementor-element-12100dc elementor-widget elementor-widget-contact-box-two\" data-id=\"12100dc\" data-element_type=\"widget\" data-e-type=\"widget\" data-widget_type=\"contact-box-two.default\">\n\t\t\t\t<div class=\"elementor-widget-container\">\n\t\t\t\t\t\n\t  \t<div class=\"contact-info-item text-center\">\n\t      <div class=\"icon\">\n\t         \t         \t<i class=\"flaticon-phone-call\"><\/i>\n\t         \t      <\/div>\n\t      <div class=\"content\">\n\t         \t        \t\t<h3 class=\"title\">Telefono Oficina<\/h3>\n\t     \t\t\t        \t<span >+56950007706<\/span>\n\t        \t<span ><\/span>\n\t     \t<\/div>\n\t  \t<\/div>\n\n\t\t\t\t\t<\/div>\n\t\t\t\t<\/div>\n\t\t\t\t\t<\/div>\n\t\t<\/div>\n\t\t\t\t<div class=\"elementor-column elementor-col-25 elementor-top-column elementor-element elementor-element-f4c1072\" data-id=\"f4c1072\" data-element_type=\"column\" data-e-type=\"column\">\n\t\t\t<div class=\"elementor-widget-wrap elementor-element-populated\">\n\t\t\t\t\t\t<div class=\"elementor-element elementor-element-8844a46 elementor-widget elementor-widget-contact-box-two\" data-id=\"8844a46\" data-element_type=\"widget\" data-e-type=\"widget\" data-widget_type=\"contact-box-two.default\">\n\t\t\t\t<div class=\"elementor-widget-container\">\n\t\t\t\t\t\n\t  \t<div class=\"contact-info-item text-center\">\n\t      <div class=\"icon\">\n\t         \t         \t<i class=\"ficon flaticon-open-email\"><\/i>\n\t         \t      <\/div>\n\t      <div class=\"content\">\n\t         \t        \t\t<h3 class=\"title\">Correo Electr\u00f3nico <\/h3>\n\t     \t\t\t        \t<span >contacto@fumival.cl<\/span>\n\t        \t<span ><\/span>\n\t     \t<\/div>\n\t  \t<\/div>\n\n\t\t\t\t\t<\/div>\n\t\t\t\t<\/div>\n\t\t\t\t\t<\/div>\n\t\t<\/div>\n\t\t\t\t<div class=\"elementor-column elementor-col-25 elementor-top-column elementor-element elementor-element-22e19f7\" data-id=\"22e19f7\" data-element_type=\"column\" data-e-type=\"column\">\n\t\t\t<div class=\"elementor-widget-wrap elementor-element-populated\">\n\t\t\t\t\t\t<div class=\"elementor-element elementor-element-04f865f elementor-widget elementor-widget-contact-box-two\" data-id=\"04f865f\" data-element_type=\"widget\" data-e-type=\"widget\" data-widget_type=\"contact-box-two.default\">\n\t\t\t\t<div class=\"elementor-widget-container\">\n\t\t\t\t\t\n\t  \t<div class=\"contact-info-item text-center\">\n\t      <div class=\"icon\">\n\t         \t         \t<i class=\"ficon flaticon-location\"><\/i>\n\t         \t      <\/div>\n\t      <div class=\"content\">\n\t         \t        \t\t<h3 class=\"title\">Oficina<\/h3>\n\t     \t\t\t        \t<span >Errazuriz 2140<\/span>\n\t        \t<span >Valdivia, Chile<\/span>\n\t     \t<\/div>\n\t  \t<\/div>\n\n\t\t\t\t\t<\/div>\n\t\t\t\t<\/div>\n\t\t\t\t\t<\/div>\n\t\t<\/div>\n\t\t\t\t<div class=\"elementor-column elementor-col-25 elementor-top-column elementor-element elementor-element-6650496\" data-id=\"6650496\" data-element_type=\"column\" data-e-type=\"column\">\n\t\t\t<div class=\"elementor-widget-wrap elementor-element-populated\">\n\t\t\t\t\t\t<div class=\"elementor-element elementor-element-3c8d7e0 elementor-widget elementor-widget-contact-box-two\" data-id=\"3c8d7e0\" data-element_type=\"widget\" data-e-type=\"widget\" data-widget_type=\"contact-box-two.default\">\n\t\t\t\t<div class=\"elementor-widget-container\">\n\t\t\t\t\t\n\t  \t<div class=\"contact-info-item text-center\">\n\t      <div class=\"icon\">\n\t         \t         \t<i class=\"ficon flaticon-earth-globe\"><\/i>\n\t         \t      <\/div>\n\t      <div class=\"content\">\n\t         \t        \t\t<h3 class=\"title\">Redes Sociales<\/h3>\n\t     \t\t\t        \t<span >https:\/\/www.facebook.com\/profile.php?id=61566993300590<\/span>\n\t        \t<span >https:\/\/www.instagram.com\/fumivaloficial\/<\/span>\n\t     \t<\/div>\n\t  \t<\/div>\n\n\t\t\t\t\t<\/div>\n\t\t\t\t<\/div>\n\t\t\t\t\t<\/div>\n\t\t<\/div>\n\t\t\t\t\t<\/div>\n\t\t<\/section>\n\t\t\t\t<section class=\"elementor-section elementor-top-section elementor-element elementor-element-ed8283c get-in-touch-responsive elementor-section-boxed elementor-section-height-default elementor-section-height-default\" data-id=\"ed8283c\" data-element_type=\"section\" data-e-type=\"section\">\n\t\t\t\t\t\t<div class=\"elementor-container elementor-column-gap-default\">\n\t\t\t\t\t<div class=\"elementor-column elementor-col-50 elementor-top-column elementor-element elementor-element-de6493c\" data-id=\"de6493c\" data-element_type=\"column\" data-e-type=\"column\">\n\t\t\t<div class=\"elementor-widget-wrap elementor-element-populated\">\n\t\t\t\t\t\t<section class=\"elementor-section elementor-inner-section elementor-element elementor-element-c44a4d7 elementor-section-boxed elementor-section-height-default elementor-section-height-default\" data-id=\"c44a4d7\" data-element_type=\"section\" data-e-type=\"section\">\n\t\t\t\t\t\t<div class=\"elementor-container elementor-column-gap-default\">\n\t\t\t\t\t<div class=\"elementor-column elementor-col-100 elementor-inner-column elementor-element elementor-element-df3687c\" data-id=\"df3687c\" data-element_type=\"column\" data-e-type=\"column\">\n\t\t\t<div class=\"elementor-widget-wrap\">\n\t\t\t\t\t\t\t<\/div>\n\t\t<\/div>\n\t\t\t\t\t<\/div>\n\t\t<\/section>\n\t\t\t\t<div class=\"elementor-element elementor-element-33f55bd elementor-widget elementor-widget-section-head-two\" data-id=\"33f55bd\" data-element_type=\"widget\" data-e-type=\"widget\" data-widget_type=\"section-head-two.default\">\n\t\t\t\t<div class=\"elementor-widget-container\">\n\t\t\t\t\t\t\t\t\t\t\t<div class=\"section-title-two text-left\">\n\t\t\t\t\t\t\t\t            <span class=\"sub-title\"> Para m\u00e1s Informaci\u00f3n <\/span>\n\t\t            \t\t            \t\t\t            <h2 class=\"title\"> No dude en contact\u00e1rnos para cualquier informaci\u00f3n. <\/h2>\n\t\t            \t\t            \t\t        <\/div>\n\t\t\t\t\t\t\t<\/div>\n\t\t\t\t<\/div>\n\t\t\t\t<section class=\"elementor-section elementor-inner-section elementor-element elementor-element-0cd9c2f elementor-section-boxed elementor-section-height-default elementor-section-height-default\" data-id=\"0cd9c2f\" data-element_type=\"section\" data-e-type=\"section\">\n\t\t\t\t\t\t<div class=\"elementor-container elementor-column-gap-default\">\n\t\t\t\t\t<div class=\"elementor-column elementor-col-100 elementor-inner-column elementor-element elementor-element-4a47ac6\" data-id=\"4a47ac6\" data-element_type=\"column\" data-e-type=\"column\">\n\t\t\t<div class=\"elementor-widget-wrap elementor-element-populated\">\n\t\t\t\t\t\t<div class=\"elementor-element elementor-element-eded441 elementor-widget elementor-widget-heading\" data-id=\"eded441\" data-element_type=\"widget\" data-e-type=\"widget\" data-widget_type=\"heading.default\">\n\t\t\t\t\t<p class=\"elementor-heading-title elementor-size-default\">Reciba asistencia inmediata en este n\u00famero<\/p>\t\t\t\t<\/div>\n\t\t\t\t\t<\/div>\n\t\t<\/div>\n\t\t\t\t\t<\/div>\n\t\t<\/section>\n\t\t\t\t<section class=\"elementor-section elementor-inner-section elementor-element elementor-element-4d769c8 elementor-section-boxed elementor-section-height-default elementor-section-height-default\" data-id=\"4d769c8\" data-element_type=\"section\" data-e-type=\"section\">\n\t\t\t\t\t\t<div class=\"elementor-container elementor-column-gap-default\">\n\t\t\t\t\t<div class=\"elementor-column elementor-col-100 elementor-inner-column elementor-element elementor-element-0a07272\" data-id=\"0a07272\" data-element_type=\"column\" data-e-type=\"column\">\n\t\t\t<div class=\"elementor-widget-wrap elementor-element-populated\">\n\t\t\t\t\t\t<div class=\"elementor-element elementor-element-b184cba elementor-widget elementor-widget-heading\" data-id=\"b184cba\" data-element_type=\"widget\" data-e-type=\"widget\" data-widget_type=\"heading.default\">\n\t\t\t\t\t<h4 class=\"elementor-heading-title elementor-size-default\"><a href=\"tel:+56950007706\">+56950007706<\/a><\/h4>\t\t\t\t<\/div>\n\t\t\t\t\t<\/div>\n\t\t<\/div>\n\t\t\t\t\t<\/div>\n\t\t<\/section>\n\t\t\t\t\t<\/div>\n\t\t<\/div>\n\t\t\t\t<div class=\"elementor-column elementor-col-50 elementor-top-column elementor-element elementor-element-a7fad92 inline-label\" data-id=\"a7fad92\" data-element_type=\"column\" data-e-type=\"column\">\n\t\t\t<div class=\"elementor-widget-wrap elementor-element-populated\">\n\t\t\t\t\t\t<div class=\"elementor-element elementor-element-f9b58dd h2-form elementor-widget elementor-widget-shortcode\" data-id=\"f9b58dd\" data-element_type=\"widget\" data-e-type=\"widget\" data-widget_type=\"shortcode.default\">\n\t\t\t\t\t\t\t<div class=\"elementor-shortcode\"><script src=\"https:\/\/js.hsforms.net\/forms\/embed\/51242260.js\" defer><\/script>\n<div class=\"hs-form-frame\" data-region=\"na1\" data-form-id=\"c79466a0-9163-442d-a6c3-dc4af2199015\" data-portal-id=\"51242260\"><\/div><\/div>\n\t\t\t\t\t\t<\/div>\n\t\t\t\t\t<\/div>\n\t\t<\/div>\n\t\t\t\t\t<\/div>\n\t\t<\/section>\n\t\t\t\t<\/div>","protected":false},"excerpt":{"rendered":"<p>Telefono Oficina +56950007706 Correo Electr\u00f3nico contacto@fumival.cl Oficina Errazuriz 2140 Valdivia, Chile Redes Sociales https:\/\/www.facebook.com\/profile.php?id=61566993300590 https:\/\/www.instagram.com\/fumivaloficial\/ Para m\u00e1s Informaci\u00f3n No dude en contact\u00e1rnos para cualquier informaci\u00f3n. Reciba asistencia inmediata en este n\u00famero +56950007706<\/p>","protected":false},"author":1,"featured_media":0,"parent":0,"menu_order":0,"comment_status":"closed","ping_status":"closed","template":"page-template\/blank-page-sidebar.php","meta":{"content-type":"","footnotes":""},"class_list":["post-13","page","type-page","status-publish","hentry"],"_links":{"self":[{"href":"https:\/\/fumival.cl\/en\/wp-json\/wp\/v2\/pages\/13","targetHints":{"allow":["GET"]}}],"collection":[{"href":"https:\/\/fumival.cl\/en\/wp-json\/wp\/v2\/pages"}],"about":[{"href":"https:\/\/fumival.cl\/en\/wp-json\/wp\/v2\/types\/page"}],"author":[{"embeddable":true,"href":"https:\/\/fumival.cl\/en\/wp-json\/wp\/v2\/users\/1"}],"replies":[{"embeddable":true,"href":"https:\/\/fumival.cl\/en\/wp-json\/wp\/v2\/comments?post=13"}],"version-history":[{"count":3,"href":"https:\/\/fumival.cl\/en\/wp-json\/wp\/v2\/pages\/13\/revisions"}],"predecessor-version":[{"id":3643,"href":"https:\/\/fumival.cl\/en\/wp-json\/wp\/v2\/pages\/13\/revisions\/3643"}],"wp:attachment":[{"href":"https:\/\/fumival.cl\/en\/wp-json\/wp\/v2\/media?parent=13"}],"curies":[{"name":"wp","href":"https:\/\/api.w.org\/{rel}","templated":true}]}}